{"id":13,"date":"2021-05-13T05:31:27","date_gmt":"2021-05-13T05:31:27","guid":{"rendered":"http:\/\/semillerosroa.es\/?page_id=13"},"modified":"2022-07-07T12:14:09","modified_gmt":"2022-07-07T12:14:09","slug":"contact","status":"publish","type":"page","link":"https:\/\/semillerosroa.es\/?page_id=13","title":{"rendered":"Contacto"},"content":{"rendered":"\n<div class=\"wp-container-6 wp-block-group alignfull has-ast-global-color-5-background-color has-background\"><div class=\"wp-block-group__inner-container\">\n<div class=\"wp-container-5 wp-block-columns are-vertically-aligned-top\">\n<div class=\"wp-container-2 wp-block-column is-vertically-aligned-top\">\n<div class=\"wp-container-1 wp-block-group\"><div class=\"wp-block-group__inner-container\">\n<h4><br>\u00bfBuscas la mejor planta de la zona?<\/h4>\n\n\n\n<p>Nuestra direcci\u00f3n es:<\/p>\n\n\n\n<p>Viveros &#8211; Semilleros Ra\u00fal Garc\u00eda Calvo<\/p>\n\n\n\n<p>C. La Fuerza, 11. 09300 Roa.<\/p>\n\n\n\n<p>Tel\u00e9fono: 618 894025<\/p>\n\n\n\n<h2>Cons\u00faltanos<\/h2>\n\n\n\n<p>Contacta con nosotros ahora y te asesoraremos o proporcionaremos la mejor soluci\u00f3n que est\u00e9 en nuestras manos. <\/p>\n<\/div><\/div>\n<\/div>\n\n\n\n<div class=\"wp-container-4 wp-block-column is-vertically-aligned-top has-ast-global-color-4-background-color has-background\">\n<div class=\"wp-container-3 wp-block-group\"><div class=\"wp-block-group__inner-container\">\n<h3>Env\u00edanos un mensaje<\/h3>\n\n\n<div class=\"wpforms-container \" id=\"wpforms-4\"><form id=\"wpforms-form-4\" class=\"wpforms-validate wpforms-form\" data-formid=\"4\" method=\"post\" enctype=\"multipart\/form-data\" action=\"\/index.php?rest_route=%2Fwp%2Fv2%2Fpages%2F13\" data-token=\"dd19cb7a91e09dc078243004c36ba04d\"><noscript class=\"wpforms-error-noscript\">Please enable JavaScript in your browser to complete this form.<\/noscript><div class=\"wpforms-field-container\"><div id=\"wpforms-4-field_0-container\" class=\"wpforms-field wpforms-field-name\" data-field-id=\"0\"><label class=\"wpforms-field-label wpforms-label-hide\" for=\"wpforms-4-field_0\">Nombre <span class=\"wpforms-required-label\">*<\/span><\/label><div class=\"wpforms-field-row wpforms-field-large\"><div class=\"wpforms-field-row-block wpforms-first wpforms-one-half\"><input type=\"text\" id=\"wpforms-4-field_0\" class=\"wpforms-field-name-first wpforms-field-required\" name=\"wpforms[fields][0][first]\" placeholder=\"Nombre\" required><label for=\"wpforms-4-field_0\" class=\"wpforms-field-sublabel after wpforms-sublabel-hide\">First<\/label><\/div><div class=\"wpforms-field-row-block wpforms-one-half\"><input type=\"text\" id=\"wpforms-4-field_0-last\" class=\"wpforms-field-name-last wpforms-field-required\" name=\"wpforms[fields][0][last]\" placeholder=\"Apellido\" required><label for=\"wpforms-4-field_0-last\" class=\"wpforms-field-sublabel after wpforms-sublabel-hide\">Last<\/label><\/div><\/div><\/div><div id=\"wpforms-4-field_1-container\" class=\"wpforms-field wpforms-field-email\" data-field-id=\"1\"><label class=\"wpforms-field-label wpforms-label-hide\" for=\"wpforms-4-field_1\">Email <span class=\"wpforms-required-label\">*<\/span><\/label><input type=\"email\" id=\"wpforms-4-field_1\" class=\"wpforms-field-large wpforms-field-required\" name=\"wpforms[fields][1]\" placeholder=\"Direccion de Correo Electronico\" required><\/div><div id=\"wpforms-4-field_2-container\" class=\"wpforms-field wpforms-field-textarea\" data-field-id=\"2\"><label class=\"wpforms-field-label wpforms-label-hide\" for=\"wpforms-4-field_2\">Comentario o Mensaje <span class=\"wpforms-required-label\">*<\/span><\/label><textarea id=\"wpforms-4-field_2\" class=\"wpforms-field-large wpforms-field-required wpforms-limit-characters-enabled\" data-form-id=\"4\" data-field-id=\"2\" data-text-limit=\"500\" name=\"wpforms[fields][2]\" placeholder=\"Tu mensaje\" maxlength=\"500\" required><\/textarea><\/div><\/div><div class=\"wpforms-submit-container\"><input type=\"hidden\" name=\"wpforms[id]\" value=\"4\"><input type=\"hidden\" name=\"wpforms[author]\" value=\"1\"><button type=\"submit\" name=\"wpforms[submit]\" id=\"wpforms-submit-4\" class=\"wpforms-submit\" data-alt-text=\"Enviando...\" data-submit-text=\"Enviar Mensaje\" aria-live=\"assertive\" value=\"wpforms-submit\">Enviar Mensaje<\/button><\/div><\/form><\/div>  <!-- .wpforms-container --><\/div><\/div>\n<\/div>\n<\/div>\n\n\n\n<iframe src=\"https:\/\/www.google.com\/maps\/embed?pb=!1m18!1m12!1m3!1d2979.4227406162263!2d-3.944671585262418!3d41.68980888515649!2m3!1f0!2f0!3f0!3m2!1i1024!2i768!4f13.1!3m3!1m2!1s0xd46916effe0c721%3A0x5320bf01fba71fdb!2sViveros%20Ra%C3%BAl%20Garc%C3%ADa%20Calvo!5e0!3m2!1ses!2ses!4v1657193382103!5m2!1ses!2ses\" width=\"600\" height=\"450\" style=\"border:0;\" allowfullscreen=\"\" loading=\"lazy\" referrerpolicy=\"no-referrer-when-downgrade\"><\/iframe>\n<\/div><\/div>\n","protected":false},"excerpt":{"rendered":"<p>\u00bfBuscas la mejor planta de la zona? Nuestra direcci\u00f3n es: Viveros &#8211; Semilleros Ra\u00fal Garc\u00eda Calvo C. La Fuerza, 11. 09300 Roa. Tel\u00e9fono: 618 894025 Cons\u00faltanos Contacta con nosotros ahora y te asesoraremos o proporcionaremos la mejor soluci\u00f3n que est\u00e9 en nuestras manos. Env\u00edanos un mensaje<\/p>\n","protected":false},"author":1,"featured_media":0,"parent":0,"menu_order":0,"comment_status":"closed","ping_status":"closed","template":"page-templates\/full-width-no-title.php","meta":{"om_disable_all_campaigns":false,"_monsterinsights_skip_tracking":false,"_monsterinsights_sitenote_active":false,"_monsterinsights_sitenote_note":"","_monsterinsights_sitenote_category":0},"aioseo_notices":[],"featured_media_urls":[],"_links":{"self":[{"href":"https:\/\/semillerosroa.es\/index.php?rest_route=\/wp\/v2\/pages\/13"}],"collection":[{"href":"https:\/\/semillerosroa.es\/index.php?rest_route=\/wp\/v2\/pages"}],"about":[{"href":"https:\/\/semillerosroa.es\/index.php?rest_route=\/wp\/v2\/types\/page"}],"author":[{"embeddable":true,"href":"https:\/\/semillerosroa.es\/index.php?rest_route=\/wp\/v2\/users\/1"}],"replies":[{"embeddable":true,"href":"https:\/\/semillerosroa.es\/index.php?rest_route=%2Fwp%2Fv2%2Fcomments&post=13"}],"version-history":[{"count":7,"href":"https:\/\/semillerosroa.es\/index.php?rest_route=\/wp\/v2\/pages\/13\/revisions"}],"predecessor-version":[{"id":336,"href":"https:\/\/semillerosroa.es\/index.php?rest_route=\/wp\/v2\/pages\/13\/revisions\/336"}],"wp:attachment":[{"href":"https:\/\/semillerosroa.es\/index.php?rest_route=%2Fwp%2Fv2%2Fmedia&parent=13"}],"curies":[{"name":"wp","href":"https:\/\/api.w.org\/{rel}","templated":true}]}}