{"id":12,"date":"2021-05-13T05:31:27","date_gmt":"2021-05-13T05:31:27","guid":{"rendered":"http:\/\/semillerosroa.es\/?page_id=12"},"modified":"2022-07-07T12:15:02","modified_gmt":"2022-07-07T12:15:02","slug":"services","status":"publish","type":"page","link":"https:\/\/semillerosroa.es\/?page_id=12","title":{"rendered":"Productos &#8211; Servicios"},"content":{"rendered":"\n<div class=\"wp-container-5 wp-block-group alignfull has-ast-global-color-5-background-color has-background\"><div class=\"wp-block-group__inner-container\">\n<h2 class=\"has-text-align-left\">\u00bfC\u00f3mo podemos ayudarte?<\/h2>\n\n\n\n<div class=\"wp-container-4 wp-block-columns alignwide\">\n<div class=\"wp-container-1 wp-block-column\">\n<figure class=\"wp-block-image size-large is-resized\"><img loading=\"lazy\" src=\"https:\/\/semillerosroa.es\/wp-content\/uploads\/2022\/07\/IMG-20220706-WA0008-2-edited-1.jpg\" alt=\"\" class=\"wp-image-285\" width=\"310\" height=\"200\"\/><\/figure>\n\n\n\n<h4>Planta para cultivar<\/h4>\n\n\n\n<p>Plantamos las mejores semillas y ofrecemos en nuestros mercados, de Marzo-Abril a Junio, gran variedad de plant\u00f3n para vuestras huertas.<\/p>\n<\/div>\n\n\n\n<div class=\"wp-container-2 wp-block-column\">\n<figure class=\"wp-block-image size-large is-resized\"><img loading=\"lazy\" src=\"https:\/\/semillerosroa.es\/wp-content\/uploads\/2022\/07\/IMG-20220706-WA0006-edited-1.jpg\" alt=\"\" class=\"wp-image-290\" width=\"283\" height=\"199\"\/><\/figure>\n\n\n\n<h4>Productos de la Huerta<\/h4>\n\n\n\n<p>Llegado el verano, recogemos nuestros productos y los seleccionamos para ofreceros gran calidad de pimientos, tomates y otros productos hort\u00edcolas.<\/p>\n<\/div>\n\n\n\n<div class=\"wp-container-3 wp-block-column\">\n<figure class=\"wp-block-image size-large is-resized\"><img loading=\"lazy\" src=\"https:\/\/semillerosroa.es\/wp-content\/uploads\/2022\/07\/IMG-20220706-WA0004-1-edited-1.jpg\" alt=\"\" class=\"wp-image-289\" width=\"299\" height=\"199\" srcset=\"https:\/\/semillerosroa.es\/wp-content\/uploads\/2022\/07\/IMG-20220706-WA0004-1-edited-1.jpg 1417w, https:\/\/semillerosroa.es\/wp-content\/uploads\/2022\/07\/IMG-20220706-WA0004-1-edited-1-300x200.jpg 300w, https:\/\/semillerosroa.es\/wp-content\/uploads\/2022\/07\/IMG-20220706-WA0004-1-edited-1-1024x684.jpg 1024w, https:\/\/semillerosroa.es\/wp-content\/uploads\/2022\/07\/IMG-20220706-WA0004-1-edited-1-768x513.jpg 768w\" sizes=\"(max-width: 299px) 100vw, 299px\" \/><\/figure>\n\n\n\n<h4>Otros Servicios<\/h4>\n\n\n\n<p>Estamos siempre para escuchar vuestras necesidades. Si quer\u00e9is grandes cantidades, o sois un grupo de consumo local que quer\u00e9is hacer pedidos conjuntos, o necesit\u00e1is consultor\u00eda especializada en cultivos, no dudeis en contactar con nosotros.<\/p>\n<\/div>\n<\/div>\n\n\n\n<div style=\"height:40px\" aria-hidden=\"true\" class=\"wp-block-spacer\"><\/div>\n<\/div><\/div>\n\n\n\n<div class=\"wp-block-cover alignfull is-light\" style=\"min-height:200px\"><span aria-hidden=\"true\" class=\"wp-block-cover__background has-ast-global-color-0-background-color has-background-dim-100 has-background-dim\"><\/span><div class=\"wp-block-cover__inner-container\">\n<div class=\"wp-block-media-text is-stacked-on-mobile is-vertically-aligned-center\"><figure class=\"wp-block-media-text__media\"><img loading=\"lazy\" width=\"800\" height=\"279\" src=\"http:\/\/semillerosroa.es\/wp-content\/uploads\/2022\/07\/cropped-LogoSemillerosLargo2.png\" alt=\"\" class=\"wp-image-270 size-full\" srcset=\"https:\/\/semillerosroa.es\/wp-content\/uploads\/2022\/07\/cropped-LogoSemillerosLargo2.png 800w, https:\/\/semillerosroa.es\/wp-content\/uploads\/2022\/07\/cropped-LogoSemillerosLargo2-300x105.png 300w, https:\/\/semillerosroa.es\/wp-content\/uploads\/2022\/07\/cropped-LogoSemillerosLargo2-768x268.png 768w\" sizes=\"(max-width: 800px) 100vw, 800px\" \/><\/figure><div class=\"wp-block-media-text__content\">\n<div class=\"wp-container-6 wp-block-group\"><div class=\"wp-block-group__inner-container\">\n<h2 class=\"has-text-align-center has-cyan-bluish-gray-color has-text-color has-medium-font-size\">Puedes contar con nosotros. <a href=\"https:\/\/semillerosroa.es\/?page_id=13\" title=\"Contacto\">Cont\u00e1ctanos<\/a><\/h2>\n<\/div><\/div>\n<\/div><\/div>\n<\/div><\/div>\n","protected":false},"excerpt":{"rendered":"<p>\u00bfC\u00f3mo podemos ayudarte? Planta para cultivar Plantamos las mejores semillas y ofrecemos en nuestros mercados, de Marzo-Abril a Junio, gran variedad de plant\u00f3n para vuestras huertas. Productos de la Huerta Llegado el verano, recogemos nuestros productos y los seleccionamos para ofreceros gran calidad de pimientos, tomates y otros productos hort\u00edcolas. Otros Servicios Estamos siempre para &hellip; <\/p>\n<p class=\"link-more\"><a href=\"https:\/\/semillerosroa.es\/?page_id=12\" class=\"more-link\">Read more<span class=\"screen-reader-text\"> &#8220;Productos &#8211; Servicios&#8221;<\/span><\/a><\/p>\n","protected":false},"author":1,"featured_media":0,"parent":0,"menu_order":0,"comment_status":"closed","ping_status":"closed","template":"page-templates\/full-width-no-title.php","meta":{"om_disable_all_campaigns":false,"_monsterinsights_skip_tracking":false,"_monsterinsights_sitenote_active":false,"_monsterinsights_sitenote_note":"","_monsterinsights_sitenote_category":0},"aioseo_notices":[],"featured_media_urls":[],"_links":{"self":[{"href":"https:\/\/semillerosroa.es\/index.php?rest_route=\/wp\/v2\/pages\/12"}],"collection":[{"href":"https:\/\/semillerosroa.es\/index.php?rest_route=\/wp\/v2\/pages"}],"about":[{"href":"https:\/\/semillerosroa.es\/index.php?rest_route=\/wp\/v2\/types\/page"}],"author":[{"embeddable":true,"href":"https:\/\/semillerosroa.es\/index.php?rest_route=\/wp\/v2\/users\/1"}],"replies":[{"embeddable":true,"href":"https:\/\/semillerosroa.es\/index.php?rest_route=%2Fwp%2Fv2%2Fcomments&post=12"}],"version-history":[{"count":8,"href":"https:\/\/semillerosroa.es\/index.php?rest_route=\/wp\/v2\/pages\/12\/revisions"}],"predecessor-version":[{"id":333,"href":"https:\/\/semillerosroa.es\/index.php?rest_route=\/wp\/v2\/pages\/12\/revisions\/333"}],"wp:attachment":[{"href":"https:\/\/semillerosroa.es\/index.php?rest_route=%2Fwp%2Fv2%2Fmedia&parent=12"}],"curies":[{"name":"wp","href":"https:\/\/api.w.org\/{rel}","templated":true}]}}