{"id":10,"date":"2021-05-13T05:31:27","date_gmt":"2021-05-13T05:31:27","guid":{"rendered":"http:\/\/semillerosroa.es\/?page_id=10"},"modified":"2022-07-08T07:46:02","modified_gmt":"2022-07-08T07:46:02","slug":"home","status":"publish","type":"page","link":"https:\/\/semillerosroa.es\/","title":{"rendered":"Mercados"},"content":{"rendered":"\n<div class=\"wp-container-2 wp-block-group alignfull has-ast-global-color-5-background-color has-background\"><div class=\"wp-block-group__inner-container\">\n<div class=\"wp-container-1 wp-block-group alignwide\"><div class=\"wp-block-group__inner-container\">\n<h2>Los Mejores Productos, en tu Mercado Cercano<\/h2>\n\n\n\n<p>De martes a s\u00e1bado, de 8:00 a 14:00, podr\u00e1s encontrarnos en los mercados de:<\/p>\n\n\n\n<figure class=\"wp-block-table alignfull is-style-stripes\" style=\"font-size:12px\"><table class=\"has-black-color has-text-color has-background\" style=\"background:linear-gradient(135deg,rgb(255,245,203) 18%,rgb(182,227,212) 70%,rgb(51,167,181) 100%)\"><thead><tr><th class=\"has-text-align-center\" data-align=\"center\">DIA<\/th><th class=\"has-text-align-center\" data-align=\"center\">MERCADO 1<\/th><th class=\"has-text-align-center\" data-align=\"center\">MERCADO 2<\/th><\/tr><\/thead><tbody><tr><td class=\"has-text-align-center\" data-align=\"center\"><strong>Martes<\/strong><\/td><td class=\"has-text-align-center\" data-align=\"center\">ROA<\/td><td class=\"has-text-align-center\" data-align=\"center\">SAN EST\u00c9BAN<\/td><\/tr><tr><td class=\"has-text-align-center\" data-align=\"center\"><strong>Mi\u00e9rcoles<\/strong><\/td><td class=\"has-text-align-center\" data-align=\"center\">LERMA<\/td><td class=\"has-text-align-center\" data-align=\"center\"><\/td><\/tr><tr><td class=\"has-text-align-center\" data-align=\"center\"><strong>Jueves<\/strong><\/td><td class=\"has-text-align-center\" data-align=\"center\">PE\u00d1AFIEL<\/td><td class=\"has-text-align-center\" data-align=\"center\"><\/td><\/tr><tr><td class=\"has-text-align-center\" data-align=\"center\"><strong>Viernes<\/strong><\/td><td class=\"has-text-align-center\" data-align=\"center\">CANTALEJO<\/td><td class=\"has-text-align-center\" data-align=\"center\"><\/td><\/tr><tr><td class=\"has-text-align-center\" data-align=\"center\"><strong>S\u00e1bado<\/strong><\/td><td class=\"has-text-align-center\" data-align=\"center\">ARANDA<\/td><td class=\"has-text-align-center\" data-align=\"center\">BURGO DE OSMA<\/td><\/tr><\/tbody><\/table><figcaption>Elige tu mercado y ven a vernos.<\/figcaption><\/figure>\n<\/div><\/div>\n<\/div><\/div>\n\n\n\n<div class=\"wp-container-5 wp-block-group alignfull has-ast-global-color-5-background-color has-background\"><div class=\"wp-block-group__inner-container\">\n<h2 class=\"has-text-align-center\">Nuestros productos<\/h2>\n\n\n\n<p>Calidad superior, atenci\u00f3n personalizada y precios competitivos. Prueba los productos de nuestros semilleros.<\/p>\n\n\n\n<figure class=\"wp-container-4 wp-block-gallery-3 wp-block-gallery has-nested-images columns-4 is-cropped\">\n<figure class=\"wp-block-image size-large\"><img loading=\"lazy\" width=\"614\" height=\"1024\" src=\"http:\/\/semillerosroa.es\/wp-content\/uploads\/2022\/07\/IMG-20220706-WA0013-614x1024.jpg\" alt=\"\" class=\"wp-image-263\" srcset=\"https:\/\/semillerosroa.es\/wp-content\/uploads\/2022\/07\/IMG-20220706-WA0013-614x1024.jpg 614w, https:\/\/semillerosroa.es\/wp-content\/uploads\/2022\/07\/IMG-20220706-WA0013-180x300.jpg 180w, https:\/\/semillerosroa.es\/wp-content\/uploads\/2022\/07\/IMG-20220706-WA0013.jpg 768w\" sizes=\"(max-width: 614px) 100vw, 614px\" \/><\/figure>\n\n\n\n<figure class=\"wp-block-image size-large\"><img loading=\"lazy\" width=\"768\" height=\"1024\" src=\"http:\/\/semillerosroa.es\/wp-content\/uploads\/2022\/07\/IMG-20220706-WA0017-768x1024.jpg\" alt=\"\" class=\"wp-image-268\" srcset=\"https:\/\/semillerosroa.es\/wp-content\/uploads\/2022\/07\/IMG-20220706-WA0017-768x1024.jpg 768w, https:\/\/semillerosroa.es\/wp-content\/uploads\/2022\/07\/IMG-20220706-WA0017-225x300.jpg 225w, https:\/\/semillerosroa.es\/wp-content\/uploads\/2022\/07\/IMG-20220706-WA0017-1152x1536.jpg 1152w, https:\/\/semillerosroa.es\/wp-content\/uploads\/2022\/07\/IMG-20220706-WA0017.jpg 1200w\" sizes=\"(max-width: 768px) 100vw, 768px\" \/><\/figure>\n\n\n\n<figure class=\"wp-block-image size-large\"><img loading=\"lazy\" width=\"768\" height=\"1024\" src=\"http:\/\/semillerosroa.es\/wp-content\/uploads\/2022\/07\/IMG-20220706-WA0012-768x1024.jpg\" alt=\"\" class=\"wp-image-262\" srcset=\"https:\/\/semillerosroa.es\/wp-content\/uploads\/2022\/07\/IMG-20220706-WA0012-768x1024.jpg 768w, https:\/\/semillerosroa.es\/wp-content\/uploads\/2022\/07\/IMG-20220706-WA0012-225x300.jpg 225w, https:\/\/semillerosroa.es\/wp-content\/uploads\/2022\/07\/IMG-20220706-WA0012-1152x1536.jpg 1152w, https:\/\/semillerosroa.es\/wp-content\/uploads\/2022\/07\/IMG-20220706-WA0012.jpg 1200w\" sizes=\"(max-width: 768px) 100vw, 768px\" \/><\/figure>\n\n\n\n<figure class=\"wp-block-image size-large\"><img loading=\"lazy\" width=\"614\" height=\"1024\" src=\"http:\/\/semillerosroa.es\/wp-content\/uploads\/2022\/07\/IMG-20220706-WA0015-1-614x1024.jpg\" alt=\"\" class=\"wp-image-374\" srcset=\"https:\/\/semillerosroa.es\/wp-content\/uploads\/2022\/07\/IMG-20220706-WA0015-1-614x1024.jpg 614w, https:\/\/semillerosroa.es\/wp-content\/uploads\/2022\/07\/IMG-20220706-WA0015-1-180x300.jpg 180w, https:\/\/semillerosroa.es\/wp-content\/uploads\/2022\/07\/IMG-20220706-WA0015-1-768x1280.jpg 768w, https:\/\/semillerosroa.es\/wp-content\/uploads\/2022\/07\/IMG-20220706-WA0015-1-922x1536.jpg 922w, https:\/\/semillerosroa.es\/wp-content\/uploads\/2022\/07\/IMG-20220706-WA0015-1.jpg 960w\" sizes=\"(max-width: 614px) 100vw, 614px\" \/><\/figure>\n<\/figure>\n<\/div><\/div>\n\n\n\n<hr class=\"wp-block-separator has-alpha-channel-opacity\"\/>\n","protected":false},"excerpt":{"rendered":"<p>Los Mejores Productos, en tu Mercado Cercano De martes a s\u00e1bado, de 8:00 a 14:00, podr\u00e1s encontrarnos en los mercados de: DIA MERCADO 1 MERCADO 2 Martes ROA SAN EST\u00c9BAN Mi\u00e9rcoles LERMA Jueves PE\u00d1AFIEL Viernes CANTALEJO S\u00e1bado ARANDA BURGO DE OSMA Elige tu mercado y ven a vernos. Nuestros productos Calidad superior, atenci\u00f3n personalizada y &hellip; <\/p>\n<p class=\"link-more\"><a href=\"https:\/\/semillerosroa.es\/\" class=\"more-link\">Read more<span class=\"screen-reader-text\"> &#8220;Mercados&#8221;<\/span><\/a><\/p>\n","protected":false},"author":1,"featured_media":265,"parent":0,"menu_order":0,"comment_status":"closed","ping_status":"closed","template":"page-templates\/full-width-no-title.php","meta":{"om_disable_all_campaigns":false,"_monsterinsights_skip_tracking":false,"_monsterinsights_sitenote_active":false,"_monsterinsights_sitenote_note":"","_monsterinsights_sitenote_category":0},"aioseo_notices":[],"featured_media_urls":{"thumbnail":["https:\/\/semillerosroa.es\/wp-content\/uploads\/2022\/07\/IMG-20220706-WA0015-e1657200505267-150x150.jpg",150,150,true],"medium":["https:\/\/semillerosroa.es\/wp-content\/uploads\/2022\/07\/IMG-20220706-WA0015-e1657200505267-286x300.jpg",286,300,true],"medium_large":["https:\/\/semillerosroa.es\/wp-content\/uploads\/2022\/07\/IMG-20220706-WA0015-e1657200505267-768x806.jpg",768,806,true],"large":["https:\/\/semillerosroa.es\/wp-content\/uploads\/2022\/07\/IMG-20220706-WA0015-614x1024.jpg",614,1024,true],"1536x1536":["https:\/\/semillerosroa.es\/wp-content\/uploads\/2022\/07\/IMG-20220706-WA0015-922x1536.jpg",922,1536,true],"2048x2048":["https:\/\/semillerosroa.es\/wp-content\/uploads\/2022\/07\/IMG-20220706-WA0015-e1657200505267.jpg",960,1008,false],"inspiro-featured-image":["https:\/\/semillerosroa.es\/wp-content\/uploads\/2022\/07\/IMG-20220706-WA0015-e1657200505267.jpg",960,1008,false],"inspiro-loop":["https:\/\/semillerosroa.es\/wp-content\/uploads\/2022\/07\/IMG-20220706-WA0015-e1657200505267-950x320.jpg",950,320,true],"inspiro-loop@2x":["https:\/\/semillerosroa.es\/wp-content\/uploads\/2022\/07\/IMG-20220706-WA0015-e1657200505267-960x640.jpg",960,640,true],"portfolio_item-thumbnail":["https:\/\/semillerosroa.es\/wp-content\/uploads\/2022\/07\/IMG-20220706-WA0015-e1657200505267.jpg",381,400,false],"portfolio_item-masonry":["https:\/\/semillerosroa.es\/wp-content\/uploads\/2022\/07\/IMG-20220706-WA0015-e1657200505267.jpg",600,630,false],"portfolio_item-thumbnail_cinema":["https:\/\/semillerosroa.es\/wp-content\/uploads\/2022\/07\/IMG-20220706-WA0015-e1657200505267.jpg",319,335,false],"portfolio_item-thumbnail_portrait":["https:\/\/semillerosroa.es\/wp-content\/uploads\/2022\/07\/IMG-20220706-WA0015-e1657200505267.jpg",600,630,false],"portfolio_item-thumbnail_square":["https:\/\/semillerosroa.es\/wp-content\/uploads\/2022\/07\/IMG-20220706-WA0015-e1657200505267.jpg",762,800,false]},"_links":{"self":[{"href":"https:\/\/semillerosroa.es\/index.php?rest_route=\/wp\/v2\/pages\/10"}],"collection":[{"href":"https:\/\/semillerosroa.es\/index.php?rest_route=\/wp\/v2\/pages"}],"about":[{"href":"https:\/\/semillerosroa.es\/index.php?rest_route=\/wp\/v2\/types\/page"}],"author":[{"embeddable":true,"href":"https:\/\/semillerosroa.es\/index.php?rest_route=\/wp\/v2\/users\/1"}],"replies":[{"embeddable":true,"href":"https:\/\/semillerosroa.es\/index.php?rest_route=%2Fwp%2Fv2%2Fcomments&post=10"}],"version-history":[{"count":33,"href":"https:\/\/semillerosroa.es\/index.php?rest_route=\/wp\/v2\/pages\/10\/revisions"}],"predecessor-version":[{"id":404,"href":"https:\/\/semillerosroa.es\/index.php?rest_route=\/wp\/v2\/pages\/10\/revisions\/404"}],"wp:featuredmedia":[{"embeddable":true,"href":"https:\/\/semillerosroa.es\/index.php?rest_route=\/wp\/v2\/media\/265"}],"wp:attachment":[{"href":"https:\/\/semillerosroa.es\/index.php?rest_route=%2Fwp%2Fv2%2Fmedia&parent=10"}],"curies":[{"name":"wp","href":"https:\/\/api.w.org\/{rel}","templated":true}]}}